{"id":29,"date":"2020-08-26T15:09:15","date_gmt":"2020-08-26T13:09:15","guid":{"rendered":"http:\/\/leslodgesdupoujol.fr\/?page_id=29"},"modified":"2023-04-01T13:25:32","modified_gmt":"2023-04-01T11:25:32","slug":"les-environs","status":"publish","type":"page","link":"https:\/\/leslodgesdupoujol.fr\/?page_id=29","title":{"rendered":"Les environs"},"content":{"rendered":"\n<figure class=\"is-layout-flex wp-block-gallery-1 wp-block-gallery has-nested-images columns-default is-cropped\">\n<figure class=\"wp-block-image size-large\"><img decoding=\"async\" loading=\"lazy\" width=\"1024\" height=\"680\" data-id=\"518\"  src=\"https:\/\/leslodgesdupoujol.fr\/wp-content\/uploads\/2023\/03\/Eglise-de-Montcuq-1024x680-1.jpeg\" alt=\"\" class=\"wp-image-518\" srcset=\"https:\/\/leslodgesdupoujol.fr\/wp-content\/uploads\/2023\/03\/Eglise-de-Montcuq-1024x680-1.jpeg 1024w, https:\/\/leslodgesdupoujol.fr\/wp-content\/uploads\/2023\/03\/Eglise-de-Montcuq-1024x680-1-300x199.jpeg 300w, https:\/\/leslodgesdupoujol.fr\/wp-content\/uploads\/2023\/03\/Eglise-de-Montcuq-1024x680-1-768x510.jpeg 768w\" sizes=\"(max-width: 1024px) 100vw, 1024px\" \/><figcaption class=\"wp-element-caption\">Montcuq-en-Quercy<\/figcaption><\/figure>\n\n\n\n<figure class=\"wp-block-image size-large\"><img decoding=\"async\" loading=\"lazy\" width=\"1024\" height=\"680\" data-id=\"519\"  src=\"https:\/\/leslodgesdupoujol.fr\/wp-content\/uploads\/2023\/03\/Gabarre-1024x680-1.jpeg\" alt=\"\" class=\"wp-image-519\" srcset=\"https:\/\/leslodgesdupoujol.fr\/wp-content\/uploads\/2023\/03\/Gabarre-1024x680-1.jpeg 1024w, https:\/\/leslodgesdupoujol.fr\/wp-content\/uploads\/2023\/03\/Gabarre-1024x680-1-300x199.jpeg 300w, https:\/\/leslodgesdupoujol.fr\/wp-content\/uploads\/2023\/03\/Gabarre-1024x680-1-768x510.jpeg 768w\" sizes=\"(max-width: 1024px) 100vw, 1024px\" \/><figcaption class=\"wp-element-caption\">Gabarre<\/figcaption><\/figure>\n\n\n\n<figure class=\"wp-block-image size-large\"><img decoding=\"async\" loading=\"lazy\" width=\"1024\" height=\"680\" data-id=\"517\"  src=\"https:\/\/leslodgesdupoujol.fr\/wp-content\/uploads\/2023\/03\/Puy-lEveque-1024x680-1.jpeg\" alt=\"\" class=\"wp-image-517\" srcset=\"https:\/\/leslodgesdupoujol.fr\/wp-content\/uploads\/2023\/03\/Puy-lEveque-1024x680-1.jpeg 1024w, https:\/\/leslodgesdupoujol.fr\/wp-content\/uploads\/2023\/03\/Puy-lEveque-1024x680-1-300x199.jpeg 300w, https:\/\/leslodgesdupoujol.fr\/wp-content\/uploads\/2023\/03\/Puy-lEveque-1024x680-1-768x510.jpeg 768w\" sizes=\"(max-width: 1024px) 100vw, 1024px\" \/><figcaption class=\"wp-element-caption\">Puy-l&rsquo;Ev\u00eaque<\/figcaption><\/figure>\n\n\n\n<figure class=\"wp-block-image size-large\"><img decoding=\"async\" loading=\"lazy\" width=\"1024\" height=\"683\" data-id=\"540\"  src=\"https:\/\/leslodgesdupoujol.fr\/wp-content\/uploads\/2023\/03\/le-sixieme-reve-PSH0cR-kji4-unsplash-1024x683.jpg\" alt=\"\" class=\"wp-image-540\" srcset=\"https:\/\/leslodgesdupoujol.fr\/wp-content\/uploads\/2023\/03\/le-sixieme-reve-PSH0cR-kji4-unsplash-1024x683.jpg 1024w, https:\/\/leslodgesdupoujol.fr\/wp-content\/uploads\/2023\/03\/le-sixieme-reve-PSH0cR-kji4-unsplash-300x200.jpg 300w, https:\/\/leslodgesdupoujol.fr\/wp-content\/uploads\/2023\/03\/le-sixieme-reve-PSH0cR-kji4-unsplash-768x512.jpg 768w, https:\/\/leslodgesdupoujol.fr\/wp-content\/uploads\/2023\/03\/le-sixieme-reve-PSH0cR-kji4-unsplash-1536x1024.jpg 1536w, https:\/\/leslodgesdupoujol.fr\/wp-content\/uploads\/2023\/03\/le-sixieme-reve-PSH0cR-kji4-unsplash-2048x1365.jpg 2048w\" sizes=\"(max-width: 1024px) 100vw, 1024px\" \/><figcaption class=\"wp-element-caption\">Cahors<\/figcaption><\/figure>\n<\/figure>\n\n\n\n<div style=\"height:100px\" aria-hidden=\"true\" class=\"wp-block-spacer\"><\/div>\n\n\n\n<div class=\"is-layout-flex wp-container-7 wp-block-columns alignwide\">\n<div class=\"is-layout-flow wp-block-column\">\n<hr class=\"wp-block-separator has-css-opacity is-style-wide\"\/>\n\n\n\n<p class=\"has-text-align-center margin-bottom-none has-small-font-size\"><strong>March\u00e9s<\/strong><\/p>\n\n\n\n<p class=\"has-text-align-center margin-top-none margin-bottom-half has-custom-size has-medium-font-size\"><strong>Montcuq-en-Quercy<\/strong><\/p>\n\n\n\n<hr class=\"wp-block-separator has-css-opacity is-style-wide margin-top-half\"\/>\n<\/div>\n\n\n\n<div class=\"is-layout-flow wp-block-column\">\n<hr class=\"wp-block-separator has-css-opacity is-style-wide\"\/>\n\n\n\n<p class=\"has-text-align-center margin-bottom-none has-small-font-size\"><strong>Gastronomie<\/strong><\/p>\n\n\n\n<p class=\"has-text-align-center margin-top-none margin-bottom-half has-custom-size has-medium-font-size\"><strong>Sp\u00e9cialit\u00e9s lotoise<\/strong><\/p>\n\n\n\n<hr class=\"wp-block-separator has-css-opacity is-style-wide margin-top-half\"\/>\n<\/div>\n\n\n\n<div class=\"is-layout-flow wp-block-column\">\n<hr class=\"wp-block-separator has-css-opacity is-style-wide\"\/>\n\n\n\n<p class=\"has-text-align-center margin-bottom-none has-small-font-size\"><strong>Vignoble<\/strong><\/p>\n\n\n\n<p class=\"has-text-align-center margin-top-none margin-bottom-half has-custom-size has-medium-font-size\"><strong>Avec mod\u00e9ration<\/strong><\/p>\n\n\n\n<hr class=\"wp-block-separator has-css-opacity is-style-wide margin-top-half\"\/>\n<\/div>\n\n\n\n<div class=\"is-layout-flow wp-block-column\">\n<hr class=\"wp-block-separator has-css-opacity is-style-wide\"\/>\n\n\n\n<p class=\"has-text-align-center margin-bottom-none has-small-font-size\"><strong>Festivit\u00e9s<\/strong><\/p>\n\n\n\n<p class=\"has-text-align-center margin-top-none margin-bottom-half has-custom-size has-medium-font-size\"><strong>Toute la saison<\/strong><\/p>\n\n\n\n<hr class=\"wp-block-separator has-css-opacity is-style-wide margin-top-half\"\/>\n<\/div>\n<\/div>\n\n\n\n<div style=\"height:100px\" aria-hidden=\"true\" class=\"wp-block-spacer\"><\/div>\n\n\n\n<div class=\"wp-block-media-text alignwide is-stacked-on-mobile is-image-fill\"><figure class=\"wp-block-media-text__media\" style=\"background-image:url(https:\/\/leslodgesdupoujol.fr\/wp-content\/uploads\/2023\/03\/ben-white-pV5ckb2HEVk-unsplash-1024x684.jpg);background-position:35% 44%\"><img decoding=\"async\" loading=\"lazy\" width=\"1024\" height=\"684\" src=\"https:\/\/leslodgesdupoujol.fr\/wp-content\/uploads\/2023\/03\/ben-white-pV5ckb2HEVk-unsplash-1024x684.jpg\" alt=\"\" class=\"wp-image-566 size-full\" srcset=\"https:\/\/leslodgesdupoujol.fr\/wp-content\/uploads\/2023\/03\/ben-white-pV5ckb2HEVk-unsplash-1024x684.jpg 1024w, https:\/\/leslodgesdupoujol.fr\/wp-content\/uploads\/2023\/03\/ben-white-pV5ckb2HEVk-unsplash-300x200.jpg 300w, https:\/\/leslodgesdupoujol.fr\/wp-content\/uploads\/2023\/03\/ben-white-pV5ckb2HEVk-unsplash-768x513.jpg 768w, https:\/\/leslodgesdupoujol.fr\/wp-content\/uploads\/2023\/03\/ben-white-pV5ckb2HEVk-unsplash-1536x1025.jpg 1536w, https:\/\/leslodgesdupoujol.fr\/wp-content\/uploads\/2023\/03\/ben-white-pV5ckb2HEVk-unsplash-2048x1367.jpg 2048w\" sizes=\"(max-width: 1024px) 100vw, 1024px\" \/><\/figure><div class=\"wp-block-media-text__content\">\n<h2>Les activit\u00e9s possibles aux alentours<\/h2>\n\n\n\n<ul>\n<li><strong>La randonn\u00e9e<\/strong> : Entre causses et vall\u00e9e, les circuits de randonn\u00e9e et balades \u00e0 pieds, \u00e0 v\u00e9lo et \u00e0 cheval sont nombreux.<\/li>\n\n\n\n<li><strong>Le v\u00e9lo<\/strong> : VTT ou VTC, vous choisissez ! Balade familiale ou d\u00e9couverte sportive, vous choisissez !<\/li>\n\n\n\n<li><strong>La baignade<\/strong> : Des lacs avec leur base nautique et la rivi\u00e8re du Lot avec de nombreux spots vous attendent !<\/li>\n\n\n\n<li><strong>Autres activit\u00e9s<\/strong> : Cano\u00eb, Paddle, Aquapark, Laser Game, Escape game, Kart\u2026<\/li>\n<\/ul>\n<\/div><\/div>\n\n\n\n<div style=\"height:100px\" aria-hidden=\"true\" class=\"wp-block-spacer\"><\/div>\n\n\n\n<div class=\"is-layout-flex wp-container-11 wp-block-columns\">\n<div class=\"is-layout-flow wp-block-column\" style=\"flex-basis:22.22%\">\n<h2>Les services de proximit\u00e9<\/h2>\n<\/div>\n\n\n\n<div class=\"is-layout-flow wp-block-column\" style=\"flex-basis:44.45%\">\n<p><strong>Sauzet (4minutes en voiture)<\/strong><\/p>\n\n\n\n<ul>\n<li>Sup\u00e9rette<\/li>\n\n\n\n<li>Boulangerie<\/li>\n\n\n\n<li>Tabac<\/li>\n<\/ul>\n<\/div>\n\n\n\n<div class=\"is-layout-flow wp-block-column\" style=\"flex-basis:33.33%\">\n<p><strong>Montcuq-en-Quercy (8 minutes en voiture)<\/strong><\/p>\n\n\n\n<ul>\n<li>Supermarch\u00e9<\/li>\n\n\n\n<li>Boulangerie<\/li>\n\n\n\n<li>Restaurants<\/li>\n\n\n\n<li>Tabac<\/li>\n\n\n\n<li>Office du tourisme<\/li>\n\n\n\n<li>M\u00e9decin<\/li>\n<\/ul>\n<\/div>\n<\/div>\n\n\n\n<p><\/p>\n","protected":false},"excerpt":{"rendered":"<p>March\u00e9s Montcuq-en-Quercy Gastronomie Sp\u00e9cialit\u00e9s lotoise Vignoble Avec mod\u00e9ration Festivit\u00e9s Toute la saison Les services de proximit\u00e9 Sauzet (4minutes en voiture) Montcuq-en-Quercy (8 minutes en voiture)<\/p>\n","protected":false},"author":1,"featured_media":0,"parent":0,"menu_order":0,"comment_status":"closed","ping_status":"closed","template":"","meta":[],"_links":{"self":[{"href":"https:\/\/leslodgesdupoujol.fr\/index.php?rest_route=\/wp\/v2\/pages\/29"}],"collection":[{"href":"https:\/\/leslodgesdupoujol.fr\/index.php?rest_route=\/wp\/v2\/pages"}],"about":[{"href":"https:\/\/leslodgesdupoujol.fr\/index.php?rest_route=\/wp\/v2\/types\/page"}],"author":[{"embeddable":true,"href":"https:\/\/leslodgesdupoujol.fr\/index.php?rest_route=\/wp\/v2\/users\/1"}],"replies":[{"embeddable":true,"href":"https:\/\/leslodgesdupoujol.fr\/index.php?rest_route=%2Fwp%2Fv2%2Fcomments&post=29"}],"version-history":[{"count":28,"href":"https:\/\/leslodgesdupoujol.fr\/index.php?rest_route=\/wp\/v2\/pages\/29\/revisions"}],"predecessor-version":[{"id":600,"href":"https:\/\/leslodgesdupoujol.fr\/index.php?rest_route=\/wp\/v2\/pages\/29\/revisions\/600"}],"wp:attachment":[{"href":"https:\/\/leslodgesdupoujol.fr\/index.php?rest_route=%2Fwp%2Fv2%2Fmedia&parent=29"}],"curies":[{"name":"wp","href":"https:\/\/api.w.org\/{rel}","templated":true}]}}