{"id":27,"date":"2020-08-26T15:08:48","date_gmt":"2020-08-26T13:08:48","guid":{"rendered":"http:\/\/leslodgesdupoujol.fr\/?page_id=27"},"modified":"2023-04-01T13:24:53","modified_gmt":"2023-04-01T11:24:53","slug":"le-domaine","status":"publish","type":"page","link":"https:\/\/leslodgesdupoujol.fr\/?page_id=27","title":{"rendered":"Le domaine"},"content":{"rendered":"\n<p>Situ\u00e9 \u00e0 25 minutes en voiture de Cahors et \u00e0 12 minutes de Montcuq-en-Quercy, le domaine s\u2019\u00e9tend sur 9 hectares de prairies et de bois.<\/p>\n\n\n<style>#jtg-506 .modula-item .jtg-social a, .lightbox-socials.jtg-social a{ color: #ffffff }#jtg-506 .modula-item .jtg-social svg, .lightbox-socials.jtg-social svg { height: 16px; width: 16px }#jtg-506 .modula-item .jtg-social a:not(:last-child), .lightbox-socials.jtg-social a:not(:last-child) { margin-right: 10px }#jtg-506 .modula-item .figc {}#jtg-506 .modula-item .modula-item-content { transform: scale(1) }#jtg-506 .modula-items .figc p.description { font-size:14px; }#jtg-506 .modula-items .figc p.description { color:;}#jtg-506.modula-gallery .modula-item > a, #jtg-506.modula-gallery .modula-item, #jtg-506.modula-gallery .modula-item-content > a:not(.modula-no-follow) { cursor:zoom-in; } #jtg-506.modula-gallery .modula-item-content .modula-no-follow { cursor: default; } @media screen and (max-width:480px){#jtg-506 .modula-item .figc .jtg-title {  font-size: 12px; }#jtg-506 .modula-items .figc p.description { color:;font-size:10px; }}<\/style>\n<!-- Gallery Container -->\n<div  id=\"jtg-506\" class=\"modula modula-gallery modula-custom-grid\" data-config=\"{&quot;height&quot;:0,&quot;tabletHeight&quot;:0,&quot;mobileHeight&quot;:0,&quot;desktopHeight&quot;:0,&quot;enableTwitter&quot;:false,&quot;enableWhatsapp&quot;:false,&quot;enableFacebook&quot;:false,&quot;enablePinterest&quot;:false,&quot;enableLinkedin&quot;:false,&quot;enableEmail&quot;:false,&quot;randomFactor&quot;:0,&quot;type&quot;:&quot;custom-grid&quot;,&quot;columns&quot;:12,&quot;gutter&quot;:10,&quot;mobileGutter&quot;:10,&quot;tabletGutter&quot;:10,&quot;desktopGutter&quot;:10,&quot;enableResponsive&quot;:&quot;1&quot;,&quot;tabletColumns&quot;:&quot;2&quot;,&quot;mobileColumns&quot;:&quot;2&quot;,&quot;lazyLoad&quot;:&quot;1&quot;,&quot;lightboxOpts&quot;:{&quot;loop&quot;:false,&quot;arrows&quot;:true,&quot;toolbar&quot;:true,&quot;keyboard&quot;:false,&quot;wheel&quot;:false,&quot;buttons&quot;:[&quot;close&quot;],&quot;hash&quot;:false,&quot;lang&quot;:&quot;en&quot;,&quot;touch&quot;:false,&quot;protect&quot;:false,&quot;i18n&quot;:{&quot;en&quot;:{&quot;CLOSE&quot;:&quot;Close&quot;,&quot;NEXT&quot;:&quot;Next&quot;,&quot;PREV&quot;:&quot;Previous&quot;,&quot;Error&quot;:&quot;The requested content cannot be loaded. Please try again later.&quot;,&quot;PLAY_START&quot;:&quot;Start slideshow&quot;,&quot;PLAY_STOP&quot;:&quot;Pause slideshow&quot;,&quot;FULL_SCREEN&quot;:&quot;Full screen&quot;,&quot;THUMBS&quot;:&quot;Thumbnails&quot;,&quot;DOWNLOAD&quot;:&quot;Download&quot;,&quot;SHARE&quot;:&quot;Share&quot;,&quot;ZOOM&quot;:&quot;Zoom&quot;}},&quot;clickSlide&quot;:false,&quot;clickOutside&quot;:false,&quot;dblclickContent&quot;:false,&quot;dblclickSlide&quot;:false,&quot;dblclickOutside&quot;:false,&quot;clickContent&quot;:false,&quot;baseTpl&quot;:&quot;&lt;div class=\\&quot;modula-fancybox-container modula-lightbox-jtg-506\\&quot; role=\\&quot;dialog\\&quot; tabindex=\\&quot;-1\\&quot;&gt;&lt;div class=\\&quot;modula-fancybox-bg\\&quot;&gt;&lt;\\\/div&gt;&lt;div class=\\&quot;modula-fancybox-inner\\&quot;&gt;&lt;div class=\\&quot;modula-fancybox-infobar\\&quot;&gt;&lt;span data-fancybox-index&gt;&lt;\\\/span&gt;&nbsp;\\\/&nbsp;&lt;span data-fancybox-count&gt;&lt;\\\/span&gt;&lt;\\\/div&gt;&lt;div class=\\&quot;modula-fancybox-toolbar\\&quot;&gt;{{buttons}}&lt;\\\/div&gt;&lt;div class=\\&quot;modula-fancybox-navigation\\&quot;&gt;{{arrows}}&lt;\\\/div&gt;&lt;div class=\\&quot;modula-fancybox-stage\\&quot;&gt;&lt;\\\/div&gt;&lt;div class=\\&quot;modula-fancybox-caption\\&quot;&gt;&lt;div class=\\&quot;modula-fancybox-caption__body\\&quot;&gt;&lt;\\\/div&gt;&lt;\\\/div&gt;&lt;\\\/div&gt;&lt;\\\/div&gt;&quot;},&quot;inView&quot;:false,&quot;email_subject&quot;:&quot;Check out this awesome image !!&quot;,&quot;email_message&quot;:&quot;Here is the link to the image : %%image_link%% and this is the link to the gallery : %%gallery_link%%&quot;,&quot;lightbox&quot;:&quot;fancybox&quot;}\">\n\n\t\n\t<!-- Items Container -->\n\t<div  class=\"modula-items\">\n\t\t<div class=\"modula-item effect-pufrobo\" data-width=\"5\" data-height=\"4\" >\n\t<div class=\"modula-item-overlay\"><\/div>\n\n\t<div class=\"modula-item-content\">\n\n\t\t\t\t\n\t\t\t\t\t<a data-image-id=\"511\" rel=\"jtg-506\" data-caption=\"\" aria-label=\"Open image in lightbox\" class=\"tile-inner modula-item-link\"><\/a>\n\t\t\n\t\t<img class=\"pic wp-image-511 lazyload\"  data-valign=\"middle\" data-halign=\"center\" alt=\"\" data-full=\"https:\/\/leslodgesdupoujol.fr\/wp-content\/uploads\/2023\/03\/Vue-aerienne-Est2-1024x724-1.jpeg\" title=\"Vue-aerienne-Est2-1024x724\" width=\"300\" height=\"212\" data-src=\"https:\/\/leslodgesdupoujol.fr\/wp-content\/uploads\/2023\/03\/Vue-aerienne-Est2-1024x724-1-300x212.jpeg\" data-caption=\"\" data-source=\"modula\" data-srcset=\"https:\/\/leslodgesdupoujol.fr\/wp-content\/uploads\/2023\/03\/Vue-aerienne-Est2-1024x724-1-300x212.jpeg 300w, https:\/\/leslodgesdupoujol.fr\/wp-content\/uploads\/2023\/03\/Vue-aerienne-Est2-1024x724-1-768x543.jpeg 768w, https:\/\/leslodgesdupoujol.fr\/wp-content\/uploads\/2023\/03\/Vue-aerienne-Est2-1024x724-1.jpeg 1024w\" data-sizes=\"(max-width: 300px) 100vw, 300px\" \/>\n\t\t<div class=\"figc no-description\">\n\t\t\t<div class=\"figc-inner\">\n\t\t\t\t\t\t\t\t\t\t\t\t\t\t\t<\/div>\n\t\t<\/div>\n\n\t<\/div>\n\n<\/div><div class=\"modula-item effect-pufrobo\" data-width=\"5\" data-height=\"2\" >\n\t<div class=\"modula-item-overlay\"><\/div>\n\n\t<div class=\"modula-item-content\">\n\n\t\t\t\t\n\t\t\t\t\t<a data-image-id=\"513\" rel=\"jtg-506\" data-caption=\"\" aria-label=\"Open image in lightbox\" class=\"tile-inner modula-item-link\"><\/a>\n\t\t\n\t\t<img class=\"pic wp-image-513 lazyload\"  data-valign=\"middle\" data-halign=\"center\" alt=\"\" data-full=\"https:\/\/leslodgesdupoujol.fr\/wp-content\/uploads\/2023\/03\/vue-piscine1-1.jpeg\" title=\"vue-piscine1\" width=\"300\" height=\"200\" data-src=\"https:\/\/leslodgesdupoujol.fr\/wp-content\/uploads\/2023\/03\/vue-piscine1-1-300x200.jpeg\" data-caption=\"\" data-source=\"modula\" data-srcset=\"https:\/\/leslodgesdupoujol.fr\/wp-content\/uploads\/2023\/03\/vue-piscine1-1-300x200.jpeg 300w, https:\/\/leslodgesdupoujol.fr\/wp-content\/uploads\/2023\/03\/vue-piscine1-1-1024x683.jpeg 1024w, https:\/\/leslodgesdupoujol.fr\/wp-content\/uploads\/2023\/03\/vue-piscine1-1-768x513.jpeg 768w, https:\/\/leslodgesdupoujol.fr\/wp-content\/uploads\/2023\/03\/vue-piscine1-1.jpeg 1341w\" data-sizes=\"(max-width: 300px) 100vw, 300px\" \/>\n\t\t<div class=\"figc no-description\">\n\t\t\t<div class=\"figc-inner\">\n\t\t\t\t\t\t\t\t\t\t\t\t\t\t\t<\/div>\n\t\t<\/div>\n\n\t<\/div>\n\n<\/div><div class=\"modula-item effect-pufrobo\" data-width=\"2\" data-height=\"2\" >\n\t<div class=\"modula-item-overlay\"><\/div>\n\n\t<div class=\"modula-item-content\">\n\n\t\t\t\t\n\t\t\t\t\t<a data-image-id=\"509\" rel=\"jtg-506\" data-caption=\"\" aria-label=\"Open image in lightbox\" class=\"tile-inner modula-item-link\"><\/a>\n\t\t\n\t\t<img class=\"pic wp-image-509 lazyload\"  data-valign=\"middle\" data-halign=\"center\" alt=\"\" data-full=\"https:\/\/leslodgesdupoujol.fr\/wp-content\/uploads\/2023\/03\/maison.jpeg\" title=\"maison\" width=\"300\" height=\"184\" data-src=\"https:\/\/leslodgesdupoujol.fr\/wp-content\/uploads\/2023\/03\/maison-300x184.jpeg\" data-caption=\"\" data-source=\"modula\" data-srcset=\"https:\/\/leslodgesdupoujol.fr\/wp-content\/uploads\/2023\/03\/maison-300x184.jpeg 300w, https:\/\/leslodgesdupoujol.fr\/wp-content\/uploads\/2023\/03\/maison-768x470.jpeg 768w, https:\/\/leslodgesdupoujol.fr\/wp-content\/uploads\/2023\/03\/maison.jpeg 1024w\" data-sizes=\"(max-width: 300px) 100vw, 300px\" \/>\n\t\t<div class=\"figc no-description\">\n\t\t\t<div class=\"figc-inner\">\n\t\t\t\t\t\t\t\t\t\t\t\t\t\t\t<\/div>\n\t\t<\/div>\n\n\t<\/div>\n\n<\/div><div class=\"modula-item effect-pufrobo\" data-width=\"2\" data-height=\"4\" >\n\t<div class=\"modula-item-overlay\"><\/div>\n\n\t<div class=\"modula-item-content\">\n\n\t\t\t\t\n\t\t\t\t\t<a data-image-id=\"598\" rel=\"jtg-506\" data-caption=\"\" aria-label=\"Open image in lightbox\" class=\"tile-inner modula-item-link\"><\/a>\n\t\t\n\t\t<img class=\"pic wp-image-598 lazyload\"  data-valign=\"middle\" data-halign=\"center\" alt=\"\" data-full=\"https:\/\/leslodgesdupoujol.fr\/wp-content\/uploads\/2023\/04\/Vue-aerienne-cote-bois-1024x768-1.jpeg\" title=\"DCIM\/100MEDIA\/DJI_0485.JPG\" width=\"300\" height=\"225\" data-src=\"https:\/\/leslodgesdupoujol.fr\/wp-content\/uploads\/2023\/04\/Vue-aerienne-cote-bois-1024x768-1-300x225.jpeg\" data-caption=\"\" data-source=\"modula\" data-srcset=\"https:\/\/leslodgesdupoujol.fr\/wp-content\/uploads\/2023\/04\/Vue-aerienne-cote-bois-1024x768-1-300x225.jpeg 300w, https:\/\/leslodgesdupoujol.fr\/wp-content\/uploads\/2023\/04\/Vue-aerienne-cote-bois-1024x768-1-768x576.jpeg 768w, https:\/\/leslodgesdupoujol.fr\/wp-content\/uploads\/2023\/04\/Vue-aerienne-cote-bois-1024x768-1.jpeg 1024w\" data-sizes=\"(max-width: 300px) 100vw, 300px\" \/>\n\t\t<div class=\"figc no-description\">\n\t\t\t<div class=\"figc-inner\">\n\t\t\t\t\t\t\t\t\t\t\t\t\t\t\t<\/div>\n\t\t<\/div>\n\n\t<\/div>\n\n<\/div><div class=\"modula-item effect-pufrobo\" data-width=\"5\" data-height=\"2\" >\n\t<div class=\"modula-item-overlay\"><\/div>\n\n\t<div class=\"modula-item-content\">\n\n\t\t\t\t\n\t\t\t\t\t<a data-image-id=\"512\" rel=\"jtg-506\" data-caption=\"\" aria-label=\"Open image in lightbox\" class=\"tile-inner modula-item-link\"><\/a>\n\t\t\n\t\t<img class=\"pic wp-image-512 lazyload\"  data-valign=\"middle\" data-halign=\"center\" alt=\"\" data-full=\"https:\/\/leslodgesdupoujol.fr\/wp-content\/uploads\/2023\/03\/vue-piscine-depuis-bas-1024x683-1.jpeg\" title=\"vue-piscine-depuis-bas-1024x683\" width=\"300\" height=\"200\" data-src=\"https:\/\/leslodgesdupoujol.fr\/wp-content\/uploads\/2023\/03\/vue-piscine-depuis-bas-1024x683-1-300x200.jpeg\" data-caption=\"\" data-source=\"modula\" data-srcset=\"https:\/\/leslodgesdupoujol.fr\/wp-content\/uploads\/2023\/03\/vue-piscine-depuis-bas-1024x683-1-300x200.jpeg 300w, https:\/\/leslodgesdupoujol.fr\/wp-content\/uploads\/2023\/03\/vue-piscine-depuis-bas-1024x683-1-768x512.jpeg 768w, https:\/\/leslodgesdupoujol.fr\/wp-content\/uploads\/2023\/03\/vue-piscine-depuis-bas-1024x683-1.jpeg 1024w\" data-sizes=\"(max-width: 300px) 100vw, 300px\" \/>\n\t\t<div class=\"figc no-description\">\n\t\t\t<div class=\"figc-inner\">\n\t\t\t\t\t\t\t\t\t\t\t\t\t\t\t<\/div>\n\t\t<\/div>\n\n\t<\/div>\n\n<\/div><div class=\"modula-item effect-pufrobo\" data-width=\"5\" data-height=\"2\" >\n\t<div class=\"modula-item-overlay\"><\/div>\n\n\t<div class=\"modula-item-content\">\n\n\t\t\t\t\n\t\t\t\t\t<a data-image-id=\"507\" rel=\"jtg-506\" data-caption=\"\" aria-label=\"Open image in lightbox\" class=\"tile-inner modula-item-link\"><\/a>\n\t\t\n\t\t<img class=\"pic wp-image-507 lazyload\"  data-valign=\"middle\" data-halign=\"center\" alt=\"\" data-full=\"https:\/\/leslodgesdupoujol.fr\/wp-content\/uploads\/2023\/03\/Le-menhir-1024x683-1.jpeg\" title=\"Le-menhir-1024x683\" width=\"300\" height=\"200\" data-src=\"https:\/\/leslodgesdupoujol.fr\/wp-content\/uploads\/2023\/03\/Le-menhir-1024x683-1-300x200.jpeg\" data-caption=\"\" data-source=\"modula\" data-srcset=\"https:\/\/leslodgesdupoujol.fr\/wp-content\/uploads\/2023\/03\/Le-menhir-1024x683-1-300x200.jpeg 300w, https:\/\/leslodgesdupoujol.fr\/wp-content\/uploads\/2023\/03\/Le-menhir-1024x683-1-768x512.jpeg 768w, https:\/\/leslodgesdupoujol.fr\/wp-content\/uploads\/2023\/03\/Le-menhir-1024x683-1.jpeg 1024w\" data-sizes=\"(max-width: 300px) 100vw, 300px\" \/>\n\t\t<div class=\"figc no-description\">\n\t\t\t<div class=\"figc-inner\">\n\t\t\t\t\t\t\t\t\t\t\t\t\t\t\t<\/div>\n\t\t<\/div>\n\n\t<\/div>\n\n<\/div><div class=\"modula-item effect-pufrobo\" data-width=\"5\" data-height=\"2\" >\n\t<div class=\"modula-item-overlay\"><\/div>\n\n\t<div class=\"modula-item-content\">\n\n\t\t\t\t\n\t\t\t\t\t<a data-image-id=\"508\" rel=\"jtg-506\" data-caption=\"\" aria-label=\"Open image in lightbox\" class=\"tile-inner modula-item-link\"><\/a>\n\t\t\n\t\t<img class=\"pic wp-image-508 lazyload\"  data-valign=\"middle\" data-halign=\"center\" alt=\"\" data-full=\"https:\/\/leslodgesdupoujol.fr\/wp-content\/uploads\/2023\/03\/Le-parking-1024x682-1.jpeg\" title=\"Le-parking-1024x682\" width=\"300\" height=\"200\" data-src=\"https:\/\/leslodgesdupoujol.fr\/wp-content\/uploads\/2023\/03\/Le-parking-1024x682-1-300x200.jpeg\" data-caption=\"\" data-source=\"modula\" data-srcset=\"https:\/\/leslodgesdupoujol.fr\/wp-content\/uploads\/2023\/03\/Le-parking-1024x682-1-300x200.jpeg 300w, https:\/\/leslodgesdupoujol.fr\/wp-content\/uploads\/2023\/03\/Le-parking-1024x682-1-768x512.jpeg 768w, https:\/\/leslodgesdupoujol.fr\/wp-content\/uploads\/2023\/03\/Le-parking-1024x682-1.jpeg 1024w\" data-sizes=\"(max-width: 300px) 100vw, 300px\" \/>\n\t\t<div class=\"figc no-description\">\n\t\t\t<div class=\"figc-inner\">\n\t\t\t\t\t\t\t\t\t\t\t\t\t\t\t<\/div>\n\t\t<\/div>\n\n\t<\/div>\n\n<\/div>\t\t\n\t<\/div>\n\n\t\n\t\n\t<script type=\"application\/ld+json\">\n\t{\n\t\t\"@context\": \"http:\/\/schema.org\",\n\t\t\"@type\"   : \"ImageGallery\",\n\t\t\"id\"      : \"https:\/\/leslodgesdupoujol.fr\",\n\t\t\"url\"     : \"https:\/\/leslodgesdupoujol.fr\"\n\t}\n\n    <\/script>\n\n\t\n<\/div>\n\n\n<div style=\"height:100px\" aria-hidden=\"true\" class=\"wp-block-spacer\"><\/div>\n\n\n\n<h2>Un s\u00e9jour 100% d\u00e9tente et loisirs pour toute la famille !<\/h2>\n\n\n\n<p>A proximit\u00e9 des lodges, vous appr\u00e9cierez :<\/p>\n\n\n\n<ul>\n<li>l\u2019espace loisirs avec sa piscine ext\u00e9rieure et ses bains de soleil, <\/li>\n\n\n\n<li>l&rsquo;espace enfant avec un trampoline, <\/li>\n\n\n\n<li>l&rsquo;espace jeux avec p\u00e9tanque, molky, tennis de table,<\/li>\n\n\n\n<li>l&rsquo;espace barbecue atypique \u00e0 l\u2019esprit guinguette.<\/li>\n<\/ul>\n\n\n\n<div class=\"is-layout-flex wp-block-buttons\">\n<div class=\"wp-block-button is-style-outline\"><a class=\"wp-block-button__link wp-element-button\" href=\"https:\/\/leslodgesdupoujol.fr\/?page_id=57\" target=\"_blank\" rel=\"noreferrer noopener\">R\u00e9server<\/a><\/div>\n<\/div>\n\n\n\n<div style=\"height:100px\" aria-hidden=\"true\" class=\"wp-block-spacer\"><\/div>\n","protected":false},"excerpt":{"rendered":"<p>Situ\u00e9 \u00e0 25 minutes en voiture de Cahors et \u00e0 12 minutes de Montcuq-en-Quercy, le domaine s\u2019\u00e9tend sur 9 hectares de prairies et de bois. Un s\u00e9jour 100% d\u00e9tente et loisirs pour toute la famille ! A proximit\u00e9 des lodges, vous appr\u00e9cierez :<\/p>\n","protected":false},"author":1,"featured_media":107,"parent":0,"menu_order":0,"comment_status":"closed","ping_status":"closed","template":"","meta":[],"_links":{"self":[{"href":"https:\/\/leslodgesdupoujol.fr\/index.php?rest_route=\/wp\/v2\/pages\/27"}],"collection":[{"href":"https:\/\/leslodgesdupoujol.fr\/index.php?rest_route=\/wp\/v2\/pages"}],"about":[{"href":"https:\/\/leslodgesdupoujol.fr\/index.php?rest_route=\/wp\/v2\/types\/page"}],"author":[{"embeddable":true,"href":"https:\/\/leslodgesdupoujol.fr\/index.php?rest_route=\/wp\/v2\/users\/1"}],"replies":[{"embeddable":true,"href":"https:\/\/leslodgesdupoujol.fr\/index.php?rest_route=%2Fwp%2Fv2%2Fcomments&post=27"}],"version-history":[{"count":28,"href":"https:\/\/leslodgesdupoujol.fr\/index.php?rest_route=\/wp\/v2\/pages\/27\/revisions"}],"predecessor-version":[{"id":599,"href":"https:\/\/leslodgesdupoujol.fr\/index.php?rest_route=\/wp\/v2\/pages\/27\/revisions\/599"}],"wp:featuredmedia":[{"embeddable":true,"href":"https:\/\/leslodgesdupoujol.fr\/index.php?rest_route=\/wp\/v2\/media\/107"}],"wp:attachment":[{"href":"https:\/\/leslodgesdupoujol.fr\/index.php?rest_route=%2Fwp%2Fv2%2Fmedia&parent=27"}],"curies":[{"name":"wp","href":"https:\/\/api.w.org\/{rel}","templated":true}]}}