{"id":25,"date":"2020-08-26T15:08:29","date_gmt":"2020-08-26T13:08:29","guid":{"rendered":"http:\/\/leslodgesdupoujol.fr\/?page_id=25"},"modified":"2023-03-28T18:26:15","modified_gmt":"2023-03-28T16:26:15","slug":"les-tentes","status":"publish","type":"page","link":"https:\/\/leslodgesdupoujol.fr\/?page_id=25","title":{"rendered":"Les lodges"},"content":{"rendered":"<style>#jtg-463 .modula-item .jtg-social a, .lightbox-socials.jtg-social a{ color: #ffffff }#jtg-463 .modula-item .jtg-social svg, .lightbox-socials.jtg-social svg { height: 16px; width: 16px }#jtg-463 .modula-item .jtg-social a:not(:last-child), .lightbox-socials.jtg-social a:not(:last-child) { margin-right: 10px }#jtg-463 .modula-item .figc {color:#ffffff;}#jtg-463 .modula-item .modula-item-content { transform: scale(1) }#jtg-463 .modula-items .figc p.description { font-size:14px; }#jtg-463 .modula-items .figc p.description { color:#ffffff;}#jtg-463.modula-gallery .modula-item > a, #jtg-463.modula-gallery .modula-item, #jtg-463.modula-gallery .modula-item-content > a:not(.modula-no-follow) { cursor:zoom-in; } #jtg-463.modula-gallery .modula-item-content .modula-no-follow { cursor: default; } @media screen and (max-width:480px){#jtg-463 .modula-item .figc .jtg-title {  font-size: 12px; }#jtg-463 .modula-items .figc p.description { color:#ffffff;font-size:10px; }}<\/style>\n<!-- Gallery Container -->\n<div  id=\"jtg-463\" class=\"modula modula-gallery modula-custom-grid\" data-config=\"{&quot;height&quot;:0,&quot;tabletHeight&quot;:0,&quot;mobileHeight&quot;:0,&quot;desktopHeight&quot;:0,&quot;enableTwitter&quot;:false,&quot;enableWhatsapp&quot;:false,&quot;enableFacebook&quot;:false,&quot;enablePinterest&quot;:false,&quot;enableLinkedin&quot;:false,&quot;enableEmail&quot;:false,&quot;randomFactor&quot;:0,&quot;type&quot;:&quot;custom-grid&quot;,&quot;columns&quot;:12,&quot;gutter&quot;:10,&quot;mobileGutter&quot;:10,&quot;tabletGutter&quot;:10,&quot;desktopGutter&quot;:10,&quot;enableResponsive&quot;:&quot;1&quot;,&quot;tabletColumns&quot;:&quot;2&quot;,&quot;mobileColumns&quot;:&quot;2&quot;,&quot;lazyLoad&quot;:&quot;1&quot;,&quot;lightboxOpts&quot;:{&quot;loop&quot;:false,&quot;arrows&quot;:true,&quot;toolbar&quot;:true,&quot;keyboard&quot;:false,&quot;wheel&quot;:false,&quot;buttons&quot;:[&quot;close&quot;],&quot;hash&quot;:false,&quot;lang&quot;:&quot;en&quot;,&quot;touch&quot;:false,&quot;protect&quot;:false,&quot;i18n&quot;:{&quot;en&quot;:{&quot;CLOSE&quot;:&quot;Close&quot;,&quot;NEXT&quot;:&quot;Next&quot;,&quot;PREV&quot;:&quot;Previous&quot;,&quot;Error&quot;:&quot;The requested content cannot be loaded. Please try again later.&quot;,&quot;PLAY_START&quot;:&quot;Start slideshow&quot;,&quot;PLAY_STOP&quot;:&quot;Pause slideshow&quot;,&quot;FULL_SCREEN&quot;:&quot;Full screen&quot;,&quot;THUMBS&quot;:&quot;Thumbnails&quot;,&quot;DOWNLOAD&quot;:&quot;Download&quot;,&quot;SHARE&quot;:&quot;Share&quot;,&quot;ZOOM&quot;:&quot;Zoom&quot;}},&quot;clickSlide&quot;:false,&quot;clickOutside&quot;:false,&quot;dblclickContent&quot;:false,&quot;dblclickSlide&quot;:false,&quot;dblclickOutside&quot;:false,&quot;clickContent&quot;:false,&quot;baseTpl&quot;:&quot;&lt;div class=\\&quot;modula-fancybox-container modula-lightbox-jtg-463\\&quot; role=\\&quot;dialog\\&quot; tabindex=\\&quot;-1\\&quot;&gt;&lt;div class=\\&quot;modula-fancybox-bg\\&quot;&gt;&lt;\\\/div&gt;&lt;div class=\\&quot;modula-fancybox-inner\\&quot;&gt;&lt;div class=\\&quot;modula-fancybox-infobar\\&quot;&gt;&lt;span data-fancybox-index&gt;&lt;\\\/span&gt;&nbsp;\\\/&nbsp;&lt;span data-fancybox-count&gt;&lt;\\\/span&gt;&lt;\\\/div&gt;&lt;div class=\\&quot;modula-fancybox-toolbar\\&quot;&gt;{{buttons}}&lt;\\\/div&gt;&lt;div class=\\&quot;modula-fancybox-navigation\\&quot;&gt;{{arrows}}&lt;\\\/div&gt;&lt;div class=\\&quot;modula-fancybox-stage\\&quot;&gt;&lt;\\\/div&gt;&lt;div class=\\&quot;modula-fancybox-caption\\&quot;&gt;&lt;div class=\\&quot;modula-fancybox-caption__body\\&quot;&gt;&lt;\\\/div&gt;&lt;\\\/div&gt;&lt;\\\/div&gt;&lt;\\\/div&gt;&quot;},&quot;inView&quot;:false,&quot;email_subject&quot;:&quot;Check out this awesome image !!&quot;,&quot;email_message&quot;:&quot;Here is the link to the image : %%image_link%% and this is the link to the gallery : %%gallery_link%%&quot;,&quot;lightbox&quot;:&quot;fancybox&quot;}\">\n\n\t\n\t<!-- Items Container -->\n\t<div  class=\"modula-items\">\n\t\t<div class=\"modula-item effect-pufrobo\" data-width=\"6\" data-height=\"3\" >\n\t<div class=\"modula-item-overlay\"><\/div>\n\n\t<div class=\"modula-item-content\">\n\n\t\t\t\t\n\t\t\t\t\t<a data-image-id=\"468\" rel=\"jtg-463\" data-caption=\"\" aria-label=\"Open image in lightbox\" class=\"tile-inner modula-item-link\"><\/a>\n\t\t\n\t\t<img class=\"pic wp-image-468 lazyload\"  data-valign=\"middle\" data-halign=\"center\" alt=\"\" data-full=\"https:\/\/leslodgesdupoujol.fr\/wp-content\/uploads\/2023\/03\/DSC_2057-768x512-3.jpeg\" title=\"DSC_2057-768x512\" width=\"300\" height=\"200\" data-src=\"https:\/\/leslodgesdupoujol.fr\/wp-content\/uploads\/2023\/03\/DSC_2057-768x512-3-300x200.jpeg\" data-caption=\"\" data-source=\"modula\" data-srcset=\"https:\/\/leslodgesdupoujol.fr\/wp-content\/uploads\/2023\/03\/DSC_2057-768x512-3-300x200.jpeg 300w, https:\/\/leslodgesdupoujol.fr\/wp-content\/uploads\/2023\/03\/DSC_2057-768x512-3.jpeg 768w\" data-sizes=\"(max-width: 300px) 100vw, 300px\" \/>\n\t\t<div class=\"figc no-description\">\n\t\t\t<div class=\"figc-inner\">\n\t\t\t\t\t\t\t\t\t\t\t\t\t\t\t<\/div>\n\t\t<\/div>\n\n\t<\/div>\n\n<\/div><div class=\"modula-item effect-pufrobo\" data-width=\"6\" data-height=\"2\" >\n\t<div class=\"modula-item-overlay\"><\/div>\n\n\t<div class=\"modula-item-content\">\n\n\t\t\t\t\n\t\t\t\t\t<a data-image-id=\"469\" rel=\"jtg-463\" data-caption=\"\" aria-label=\"Open image in lightbox\" class=\"tile-inner modula-item-link\"><\/a>\n\t\t\n\t\t<img class=\"pic wp-image-469 lazyload\"  data-valign=\"middle\" data-halign=\"center\" alt=\"\" data-full=\"https:\/\/leslodgesdupoujol.fr\/wp-content\/uploads\/2023\/03\/DSC_2189.jpeg\" title=\"DSC_2189\" width=\"300\" height=\"200\" data-src=\"https:\/\/leslodgesdupoujol.fr\/wp-content\/uploads\/2023\/03\/DSC_2189-300x200.jpeg\" data-caption=\"\" data-source=\"modula\" data-srcset=\"https:\/\/leslodgesdupoujol.fr\/wp-content\/uploads\/2023\/03\/DSC_2189-300x200.jpeg 300w, https:\/\/leslodgesdupoujol.fr\/wp-content\/uploads\/2023\/03\/DSC_2189-1024x683.jpeg 1024w, https:\/\/leslodgesdupoujol.fr\/wp-content\/uploads\/2023\/03\/DSC_2189-768x512.jpeg 768w, https:\/\/leslodgesdupoujol.fr\/wp-content\/uploads\/2023\/03\/DSC_2189.jpeg 1440w\" data-sizes=\"(max-width: 300px) 100vw, 300px\" \/>\n\t\t<div class=\"figc no-description\">\n\t\t\t<div class=\"figc-inner\">\n\t\t\t\t\t\t\t\t\t\t\t\t\t\t\t<\/div>\n\t\t<\/div>\n\n\t<\/div>\n\n<\/div><div class=\"modula-item effect-pufrobo\" data-width=\"3\" data-height=\"2\" >\n\t<div class=\"modula-item-overlay\"><\/div>\n\n\t<div class=\"modula-item-content\">\n\n\t\t\t\t\n\t\t\t\t\t<a data-image-id=\"466\" rel=\"jtg-463\" data-caption=\"\" aria-label=\"Open image in lightbox\" class=\"tile-inner modula-item-link\"><\/a>\n\t\t\n\t\t<img class=\"pic wp-image-466 lazyload\"  data-valign=\"middle\" data-halign=\"center\" alt=\"\" data-full=\"https:\/\/leslodgesdupoujol.fr\/wp-content\/uploads\/2023\/03\/catalog-cuisine.jpeg\" title=\"catalog-cuisine\" width=\"300\" height=\"210\" data-src=\"https:\/\/leslodgesdupoujol.fr\/wp-content\/uploads\/2023\/03\/catalog-cuisine-300x210.jpeg\" data-caption=\"\" data-source=\"modula\" data-srcset=\"https:\/\/leslodgesdupoujol.fr\/wp-content\/uploads\/2023\/03\/catalog-cuisine-300x210.jpeg 300w, https:\/\/leslodgesdupoujol.fr\/wp-content\/uploads\/2023\/03\/catalog-cuisine.jpeg 756w\" data-sizes=\"(max-width: 300px) 100vw, 300px\" \/>\n\t\t<div class=\"figc no-description\">\n\t\t\t<div class=\"figc-inner\">\n\t\t\t\t\t\t\t\t\t\t\t\t\t\t\t<\/div>\n\t\t<\/div>\n\n\t<\/div>\n\n<\/div><div class=\"modula-item effect-pufrobo\" data-width=\"3\" data-height=\"2\" >\n\t<div class=\"modula-item-overlay\"><\/div>\n\n\t<div class=\"modula-item-content\">\n\n\t\t\t\t\n\t\t\t\t\t<a data-image-id=\"471\" rel=\"jtg-463\" data-caption=\"\" aria-label=\"Open image in lightbox\" class=\"tile-inner modula-item-link\"><\/a>\n\t\t\n\t\t<img class=\"pic wp-image-471 lazyload\"  data-valign=\"middle\" data-halign=\"center\" alt=\"\" data-full=\"https:\/\/leslodgesdupoujol.fr\/wp-content\/uploads\/2023\/03\/Plan_tente.jpeg\" title=\"Plan_tente\" width=\"300\" height=\"269\" data-src=\"https:\/\/leslodgesdupoujol.fr\/wp-content\/uploads\/2023\/03\/Plan_tente-300x269.jpeg\" data-caption=\"\" data-source=\"modula\" data-srcset=\"https:\/\/leslodgesdupoujol.fr\/wp-content\/uploads\/2023\/03\/Plan_tente-300x269.jpeg 300w, https:\/\/leslodgesdupoujol.fr\/wp-content\/uploads\/2023\/03\/Plan_tente-768x688.jpeg 768w, https:\/\/leslodgesdupoujol.fr\/wp-content\/uploads\/2023\/03\/Plan_tente.jpeg 1000w\" data-sizes=\"(max-width: 300px) 100vw, 300px\" \/>\n\t\t<div class=\"figc no-description\">\n\t\t\t<div class=\"figc-inner\">\n\t\t\t\t\t\t\t\t\t\t\t\t\t\t\t<\/div>\n\t\t<\/div>\n\n\t<\/div>\n\n<\/div><div class=\"modula-item effect-pufrobo\" data-width=\"3\" data-height=\"3\" >\n\t<div class=\"modula-item-overlay\"><\/div>\n\n\t<div class=\"modula-item-content\">\n\n\t\t\t\t\n\t\t\t\t\t<a data-image-id=\"470\" rel=\"jtg-463\" data-caption=\"\" aria-label=\"Open image in lightbox\" class=\"tile-inner modula-item-link\"><\/a>\n\t\t\n\t\t<img class=\"pic wp-image-470 lazyload\"  data-valign=\"middle\" data-halign=\"center\" alt=\"\" data-full=\"https:\/\/leslodgesdupoujol.fr\/wp-content\/uploads\/2023\/03\/lodge-vue-sur-valee.jpeg\" title=\"lodge-vue-sur-valee\" width=\"300\" height=\"200\" data-src=\"https:\/\/leslodgesdupoujol.fr\/wp-content\/uploads\/2023\/03\/lodge-vue-sur-valee-300x200.jpeg\" data-caption=\"\" data-source=\"modula\" data-srcset=\"https:\/\/leslodgesdupoujol.fr\/wp-content\/uploads\/2023\/03\/lodge-vue-sur-valee-300x200.jpeg 300w, https:\/\/leslodgesdupoujol.fr\/wp-content\/uploads\/2023\/03\/lodge-vue-sur-valee-1024x683.jpeg 1024w, https:\/\/leslodgesdupoujol.fr\/wp-content\/uploads\/2023\/03\/lodge-vue-sur-valee-768x512.jpeg 768w, https:\/\/leslodgesdupoujol.fr\/wp-content\/uploads\/2023\/03\/lodge-vue-sur-valee.jpeg 1389w\" data-sizes=\"(max-width: 300px) 100vw, 300px\" \/>\n\t\t<div class=\"figc no-description\">\n\t\t\t<div class=\"figc-inner\">\n\t\t\t\t\t\t\t\t\t\t\t\t\t\t\t<\/div>\n\t\t<\/div>\n\n\t<\/div>\n\n<\/div><div class=\"modula-item effect-pufrobo\" data-width=\"3\" data-height=\"3\" >\n\t<div class=\"modula-item-overlay\"><\/div>\n\n\t<div class=\"modula-item-content\">\n\n\t\t\t\t\n\t\t\t\t\t<a data-image-id=\"467\" rel=\"jtg-463\" data-caption=\"\" aria-label=\"Open image in lightbox\" class=\"tile-inner modula-item-link\"><\/a>\n\t\t\n\t\t<img class=\"pic wp-image-467 lazyload\"  data-valign=\"middle\" data-halign=\"center\" alt=\"\" data-full=\"https:\/\/leslodgesdupoujol.fr\/wp-content\/uploads\/2023\/03\/catalog-general.jpeg\" title=\"catalog-general\" width=\"300\" height=\"245\" data-src=\"https:\/\/leslodgesdupoujol.fr\/wp-content\/uploads\/2023\/03\/catalog-general-300x245.jpeg\" data-caption=\"\" data-source=\"modula\" data-srcset=\"https:\/\/leslodgesdupoujol.fr\/wp-content\/uploads\/2023\/03\/catalog-general-300x245.jpeg 300w, https:\/\/leslodgesdupoujol.fr\/wp-content\/uploads\/2023\/03\/catalog-general.jpeg 656w\" data-sizes=\"(max-width: 300px) 100vw, 300px\" \/>\n\t\t<div class=\"figc no-description\">\n\t\t\t<div class=\"figc-inner\">\n\t\t\t\t\t\t\t\t\t\t\t\t\t\t\t<\/div>\n\t\t<\/div>\n\n\t<\/div>\n\n<\/div><div class=\"modula-item effect-pufrobo\" data-width=\"3\" data-height=\"2\" >\n\t<div class=\"modula-item-overlay\"><\/div>\n\n\t<div class=\"modula-item-content\">\n\n\t\t\t\t\n\t\t\t\t\t<a data-image-id=\"465\" rel=\"jtg-463\" data-caption=\"\" aria-label=\"Open image in lightbox\" class=\"tile-inner modula-item-link\"><\/a>\n\t\t\n\t\t<img class=\"pic wp-image-465 lazyload\"  data-valign=\"middle\" data-halign=\"center\" alt=\"\" data-full=\"https:\/\/leslodgesdupoujol.fr\/wp-content\/uploads\/2023\/03\/catalog-chambre2.jpeg\" title=\"catalog-chambre2\" width=\"300\" height=\"200\" data-src=\"https:\/\/leslodgesdupoujol.fr\/wp-content\/uploads\/2023\/03\/catalog-chambre2-300x200.jpeg\" data-caption=\"\" data-source=\"modula\" data-srcset=\"https:\/\/leslodgesdupoujol.fr\/wp-content\/uploads\/2023\/03\/catalog-chambre2-300x200.jpeg 300w, https:\/\/leslodgesdupoujol.fr\/wp-content\/uploads\/2023\/03\/catalog-chambre2.jpeg 714w\" data-sizes=\"(max-width: 300px) 100vw, 300px\" \/>\n\t\t<div class=\"figc no-description\">\n\t\t\t<div class=\"figc-inner\">\n\t\t\t\t\t\t\t\t\t\t\t\t\t\t\t<\/div>\n\t\t<\/div>\n\n\t<\/div>\n\n<\/div><div class=\"modula-item effect-pufrobo\" data-width=\"3\" data-height=\"2\" >\n\t<div class=\"modula-item-overlay\"><\/div>\n\n\t<div class=\"modula-item-content\">\n\n\t\t\t\t\n\t\t\t\t\t<a data-image-id=\"472\" rel=\"jtg-463\" data-caption=\"\" aria-label=\"Open image in lightbox\" class=\"tile-inner modula-item-link\"><\/a>\n\t\t\n\t\t<img class=\"pic wp-image-472 lazyload\"  data-valign=\"middle\" data-halign=\"center\" alt=\"\" data-full=\"https:\/\/leslodgesdupoujol.fr\/wp-content\/uploads\/2023\/03\/catalog-chambre1-1.jpeg\" title=\"catalog-chambre1\" width=\"300\" height=\"215\" data-src=\"https:\/\/leslodgesdupoujol.fr\/wp-content\/uploads\/2023\/03\/catalog-chambre1-1-300x215.jpeg\" data-caption=\"\" data-source=\"modula\" data-srcset=\"https:\/\/leslodgesdupoujol.fr\/wp-content\/uploads\/2023\/03\/catalog-chambre1-1-300x215.jpeg 300w, https:\/\/leslodgesdupoujol.fr\/wp-content\/uploads\/2023\/03\/catalog-chambre1-1.jpeg 664w\" data-sizes=\"(max-width: 300px) 100vw, 300px\" \/>\n\t\t<div class=\"figc no-description\">\n\t\t\t<div class=\"figc-inner\">\n\t\t\t\t\t\t\t\t\t\t\t\t\t\t\t<\/div>\n\t\t<\/div>\n\n\t<\/div>\n\n<\/div>\t\t\n\t<\/div>\n\n\t\n\t\n\t<script type=\"application\/ld+json\">\n\t{\n\t\t\"@context\": \"http:\/\/schema.org\",\n\t\t\"@type\"   : \"ImageGallery\",\n\t\t\"id\"      : \"https:\/\/leslodgesdupoujol.fr\",\n\t\t\"url\"     : \"https:\/\/leslodgesdupoujol.fr\"\n\t}\n\n    <\/script>\n\n\t\n<\/div>\n\n\n<div style=\"height:100px\" aria-hidden=\"true\" class=\"wp-block-spacer\"><\/div>\n\n\n\n<h2>Lodges familiales et spacieuses<\/h2>\n\n\n\n<p><strong>\u00e0 partir de 80\u20ac<\/strong> <strong>la nuit<\/strong><\/p>\n\n\n\n<p>Grandes tentes en toile (46 m<sup>2<\/sup>) avec ossature Bois, chaque Lodge est am\u00e9nag\u00e9 pour recevoir une famille de 5 personnes Max.<br><br>Cet h\u00e9bergement propose une cuisine fonctionnelle (\u00e9quip\u00e9e d\u2019un r\u00e9chaud 4 feux gaz, un micro-onde, une cafeti\u00e8re, une bouilloire et un frigo-cong\u00e9lateur), un espace salon (avec canap\u00e9), deux chambres dont l\u2019une dot\u00e9e d\u2019un lit double et l\u2019autre dot\u00e9e de deux lits superpos\u00e9s (un double et un simple au dessus), une Salle d\u2019eau, un WC s\u00e9par\u00e9 et une Terrasse offrant un beau point de vue sur les combes.<\/p>\n\n\n\n<div class=\"is-layout-flex wp-block-buttons\">\n<div class=\"wp-block-button is-style-outline\"><a class=\"wp-block-button__link wp-element-button\" href=\"https:\/\/leslodgesdupoujol.fr\/?page_id=57\" target=\"_blank\" rel=\"noreferrer noopener\">R\u00e9server<\/a><\/div>\n<\/div>\n\n\n\n<div style=\"height:100px\" aria-hidden=\"true\" class=\"wp-block-spacer\"><\/div>\n\n\n\n<div class=\"is-layout-flex wp-container-6 wp-block-columns alignwide\">\n<div class=\"is-layout-flow wp-block-column\">\n<hr class=\"wp-block-separator has-css-opacity is-style-wide\"\/>\n\n\n\n<p class=\"has-text-align-center margin-bottom-none has-normal-font-size\"><strong>Superficie<\/strong><\/p>\n\n\n\n<p class=\"has-text-align-center margin-top-none margin-bottom-half has-custom-size\" style=\"font-size:clamp(37.5px, 2.344rem + ((1vw - 7.68px) * 1.502), 50px);px\"><strong>46m<sup>2<\/sup><\/strong><\/p>\n\n\n\n<hr class=\"wp-block-separator has-css-opacity is-style-wide margin-top-half\"\/>\n<\/div>\n\n\n\n<div class=\"is-layout-flow wp-block-column\">\n<hr class=\"wp-block-separator has-css-opacity is-style-wide\"\/>\n\n\n\n<p class=\"has-text-align-center margin-bottom-none has-normal-font-size\"><strong>Nombre de chambre<\/strong><\/p>\n\n\n\n<p class=\"has-text-align-center margin-top-none margin-bottom-half has-custom-size\" style=\"font-size:clamp(37.5px, 2.344rem + ((1vw - 7.68px) * 1.502), 50px);px\"><strong>2<\/strong><\/p>\n\n\n\n<hr class=\"wp-block-separator has-css-opacity is-style-wide margin-top-half\"\/>\n<\/div>\n\n\n\n<div class=\"is-layout-flow wp-block-column\">\n<hr class=\"wp-block-separator has-css-opacity is-style-wide\"\/>\n\n\n\n<p class=\"has-text-align-center margin-bottom-none has-normal-font-size\"><strong>Nombre de couchage<\/strong><\/p>\n\n\n\n<p class=\"has-text-align-center margin-top-none margin-bottom-half has-custom-size\" style=\"font-size:clamp(37.5px, 2.344rem + ((1vw - 7.68px) * 1.502), 50px);px\"><strong>5<\/strong><\/p>\n\n\n\n<hr class=\"wp-block-separator has-css-opacity is-style-wide margin-top-half\"\/>\n<\/div>\n\n\n\n<div class=\"is-layout-flow wp-block-column\">\n<hr class=\"wp-block-separator has-css-opacity is-style-wide\"\/>\n\n\n\n<p class=\"has-text-align-center margin-bottom-none has-normal-font-size\"><strong>Nombre de tente<\/strong><\/p>\n\n\n\n<p class=\"has-text-align-center margin-top-none margin-bottom-half has-custom-size\" style=\"font-size:clamp(37.5px, 2.344rem + ((1vw - 7.68px) * 1.502), 50px);px\"><strong>2<\/strong><\/p>\n\n\n\n<hr class=\"wp-block-separator has-css-opacity is-style-wide margin-top-half\"\/>\n<\/div>\n<\/div>\n\n\n\n<div style=\"height:100px\" aria-hidden=\"true\" class=\"wp-block-spacer\"><\/div>\n\n\n\n<div class=\"wp-block-media-text alignwide is-stacked-on-mobile\" style=\"margin-top:0;margin-right:0;margin-bottom:0;margin-left:0\"><figure class=\"wp-block-media-text__media\"><img decoding=\"async\" loading=\"lazy\" width=\"768\" height=\"576\" src=\"https:\/\/leslodgesdupoujol.fr\/wp-content\/uploads\/2023\/03\/P1000598-768x576-2.jpeg\" alt=\"\" class=\"wp-image-488 size-full\" srcset=\"https:\/\/leslodgesdupoujol.fr\/wp-content\/uploads\/2023\/03\/P1000598-768x576-2.jpeg 768w, https:\/\/leslodgesdupoujol.fr\/wp-content\/uploads\/2023\/03\/P1000598-768x576-2-300x225.jpeg 300w\" sizes=\"(max-width: 768px) 100vw, 768px\" \/><\/figure><div class=\"wp-block-media-text__content\">\n<h2>Composition d\u00e9taill\u00e9e des lodges<\/h2>\n\n\n\n<ul>\n<li>2 chambres s\u00e9par\u00e9es. L\u2019une avec 1 lit double 160 x 200. La seconde avec 1 lit simple en mezzanine et un lit double<\/li>\n<\/ul>\n\n\n\n<ul>\n<li>Salle de d&rsquo;eau avec douche et vasque<\/li>\n<\/ul>\n\n\n\n<ul>\n<li>Toilettes s\u00e9par\u00e9es<\/li>\n<\/ul>\n\n\n\n<ul>\n<li>Cuisine \u00e9quip\u00e9e : 4 feux \u00e0 gaz, r\u00e9frig\u00e9rateur-cong\u00e9lateur, micro-ondes, machine \u00e0 caf\u00e9, bouilloire et table pour 6 personnes.<\/li>\n<\/ul>\n\n\n\n<ul>\n<li>Terrasse en bois de 25 m\u00b2 \u00e9quip\u00e9e d\u2019un bain de soleil<\/li>\n<\/ul>\n\n\n\n<ul>\n<li>Linge de toilette et draps fournies en option<\/li>\n<\/ul>\n<\/div><\/div>\n\n\n\n<div style=\"height:100px\" aria-hidden=\"true\" class=\"wp-block-spacer\"><\/div>\n\n\n\n<div class=\"has-global-padding is-layout-constrained wp-container-9 wp-block-group alignfull\" id=\"cover\">\n<div class=\"wp-block-cover alignfull\" style=\"min-height:446px\"><span aria-hidden=\"true\" class=\"wp-block-cover__background has-background-dim-30 has-background-dim wp-block-cover__gradient-background has-background-gradient\" style=\"background:linear-gradient(180deg,rgba(255,255,255,0) 14%,rgb(0,0,0) 83%)\"><\/span><img decoding=\"async\" loading=\"lazy\" width=\"768\" height=\"512\" class=\"wp-block-cover__image-background wp-image-499\" alt=\"\" src=\"https:\/\/leslodgesdupoujol.fr\/wp-content\/uploads\/2023\/03\/DSC_2065-768x512-1.jpeg\" style=\"object-position:51% 100%\" data-object-fit=\"cover\" data-object-position=\"51% 100%\" srcset=\"https:\/\/leslodgesdupoujol.fr\/wp-content\/uploads\/2023\/03\/DSC_2065-768x512-1.jpeg 768w, https:\/\/leslodgesdupoujol.fr\/wp-content\/uploads\/2023\/03\/DSC_2065-768x512-1-300x200.jpeg 300w\" sizes=\"(max-width: 768px) 100vw, 768px\" \/><div class=\"wp-block-cover__inner-container\">\n<div class=\"has-global-padding is-layout-constrained wp-container-8 wp-block-group\">\n<div style=\"height:41px\" aria-hidden=\"true\" class=\"wp-block-spacer\"><\/div>\n\n\n\n<h1 class=\"has-white-color has-text-color has-max-48-font-size\">Un lieu de vie luxueux et \u00e9cologique.<\/h1>\n\n\n\n<p>Profitez du calme de la campagne et des activit\u00e9s de la r\u00e9gion pour vous d\u00e9tendre en profitant d&rsquo;un confort v\u00e9ritable.<\/p>\n\n\n\n<div class=\"is-layout-flex wp-block-buttons\">\n<div class=\"wp-block-button is-style-outline\" style=\"text-transform:capitalize\"><a class=\"wp-block-button__link wp-element-button\" href=\"https:\/\/leslodgesdupoujol.fr\/?page_id=27\" style=\"border-radius:0px\">D\u00e9couvrir les activit\u00e9s<\/a><\/div>\n<\/div>\n\n\n\n<div style=\"height:63px\" aria-hidden=\"true\" class=\"wp-block-spacer\"><\/div>\n<\/div>\n<\/div><\/div>\n<\/div>\n","protected":false},"excerpt":{"rendered":"<p>Lodges familiales et spacieuses \u00e0 partir de 80\u20ac la nuit Grandes tentes en toile (46 m2) avec ossature Bois, chaque Lodge est am\u00e9nag\u00e9 pour recevoir une famille de 5 personnes Max. Cet h\u00e9bergement propose une cuisine fonctionnelle (\u00e9quip\u00e9e d\u2019un r\u00e9chaud 4 feux gaz, un micro-onde, une cafeti\u00e8re, une bouilloire et un frigo-cong\u00e9lateur), un espace salon [&hellip;]<\/p>\n","protected":false},"author":1,"featured_media":106,"parent":0,"menu_order":0,"comment_status":"closed","ping_status":"closed","template":"","meta":[],"_links":{"self":[{"href":"https:\/\/leslodgesdupoujol.fr\/index.php?rest_route=\/wp\/v2\/pages\/25"}],"collection":[{"href":"https:\/\/leslodgesdupoujol.fr\/index.php?rest_route=\/wp\/v2\/pages"}],"about":[{"href":"https:\/\/leslodgesdupoujol.fr\/index.php?rest_route=\/wp\/v2\/types\/page"}],"author":[{"embeddable":true,"href":"https:\/\/leslodgesdupoujol.fr\/index.php?rest_route=\/wp\/v2\/users\/1"}],"replies":[{"embeddable":true,"href":"https:\/\/leslodgesdupoujol.fr\/index.php?rest_route=%2Fwp%2Fv2%2Fcomments&post=25"}],"version-history":[{"count":54,"href":"https:\/\/leslodgesdupoujol.fr\/index.php?rest_route=\/wp\/v2\/pages\/25\/revisions"}],"predecessor-version":[{"id":603,"href":"https:\/\/leslodgesdupoujol.fr\/index.php?rest_route=\/wp\/v2\/pages\/25\/revisions\/603"}],"wp:featuredmedia":[{"embeddable":true,"href":"https:\/\/leslodgesdupoujol.fr\/index.php?rest_route=\/wp\/v2\/media\/106"}],"wp:attachment":[{"href":"https:\/\/leslodgesdupoujol.fr\/index.php?rest_route=%2Fwp%2Fv2%2Fmedia&parent=25"}],"curies":[{"name":"wp","href":"https:\/\/api.w.org\/{rel}","templated":true}]}}