{"id":15,"date":"2020-08-26T11:08:22","date_gmt":"2020-08-26T09:08:22","guid":{"rendered":"http:\/\/leslodgesdupoujol.fr\/?page_id=15"},"modified":"2020-12-11T21:21:49","modified_gmt":"2020-12-11T20:21:49","slug":"home","status":"publish","type":"page","link":"https:\/\/leslodgesdupoujol.fr\/","title":{"rendered":"Accueil"},"content":{"rendered":"\n<p>La  propri\u00e9t\u00e9 est situ\u00e9e au bout d&rsquo;un petit hameau de maisons en pierres  blanches typiques de la r\u00e9gion, \u00e0 proximit\u00e9 de  Montcuq, de Cahors et de  la vall\u00e9e du Lot.<\/p>\n\n\n\n<p>Ce lieu isol\u00e9 ravira les amoureux de la nature et du calme.<br>Entre le glamping et la cabane dans les arbres, le d\u00e9paysement est 100% garanti &#8230;<\/p>\n\n\n\n<p>Deux lodges sont en location avec possibilit\u00e9 de r\u00e9server les 2 simultan\u00e9ment pour une capacit\u00e9 maximum de 10 personnes. <\/p>\n\n\n\n<figure class=\"wp-block-image size-large bonhommeb\"><img decoding=\"async\" loading=\"lazy\" width=\"250\" height=\"250\" src=\"http:\/\/leslodgesdupoujol.fr\/wp-content\/uploads\/2020\/12\/bonhommeb-1.png\" alt=\"\" class=\"wp-image-241\" srcset=\"https:\/\/leslodgesdupoujol.fr\/wp-content\/uploads\/2020\/12\/bonhommeb-1.png 250w, https:\/\/leslodgesdupoujol.fr\/wp-content\/uploads\/2020\/12\/bonhommeb-1-150x150.png 150w, https:\/\/leslodgesdupoujol.fr\/wp-content\/uploads\/2020\/12\/bonhommeb-1-100x100.png 100w\" sizes=\"(max-width: 250px) 100vw, 250px\" \/><\/figure>\n","protected":false},"excerpt":{"rendered":"<p>La propri\u00e9t\u00e9 est situ\u00e9e au bout d&rsquo;un petit hameau de maisons en pierres blanches typiques de la r\u00e9gion, \u00e0 proximit\u00e9 de Montcuq, de Cahors et de la vall\u00e9e du Lot. Ce lieu isol\u00e9 ravira les amoureux de la nature et du calme.Entre le glamping et la cabane dans les arbres, le d\u00e9paysement est 100% garanti [&hellip;]<\/p>\n","protected":false},"author":1,"featured_media":91,"parent":0,"menu_order":0,"comment_status":"closed","ping_status":"closed","template":"templates\/template-homepage.php","meta":[],"_links":{"self":[{"href":"https:\/\/leslodgesdupoujol.fr\/index.php?rest_route=\/wp\/v2\/pages\/15"}],"collection":[{"href":"https:\/\/leslodgesdupoujol.fr\/index.php?rest_route=\/wp\/v2\/pages"}],"about":[{"href":"https:\/\/leslodgesdupoujol.fr\/index.php?rest_route=\/wp\/v2\/types\/page"}],"author":[{"embeddable":true,"href":"https:\/\/leslodgesdupoujol.fr\/index.php?rest_route=\/wp\/v2\/users\/1"}],"replies":[{"embeddable":true,"href":"https:\/\/leslodgesdupoujol.fr\/index.php?rest_route=%2Fwp%2Fv2%2Fcomments&post=15"}],"version-history":[{"count":19,"href":"https:\/\/leslodgesdupoujol.fr\/index.php?rest_route=\/wp\/v2\/pages\/15\/revisions"}],"predecessor-version":[{"id":245,"href":"https:\/\/leslodgesdupoujol.fr\/index.php?rest_route=\/wp\/v2\/pages\/15\/revisions\/245"}],"wp:featuredmedia":[{"embeddable":true,"href":"https:\/\/leslodgesdupoujol.fr\/index.php?rest_route=\/wp\/v2\/media\/91"}],"wp:attachment":[{"href":"https:\/\/leslodgesdupoujol.fr\/index.php?rest_route=%2Fwp%2Fv2%2Fmedia&parent=15"}],"curies":[{"name":"wp","href":"https:\/\/api.w.org\/{rel}","templated":true}]}}